{"id":7,"date":"2022-05-20T16:16:24","date_gmt":"2022-05-20T14:16:24","guid":{"rendered":"https:\/\/lorraine.tosi.eu\/?page_id=7"},"modified":"2022-06-08T23:07:32","modified_gmt":"2022-06-08T21:07:32","slug":"publications","status":"publish","type":"page","link":"https:\/\/lorraine.tosi.eu\/","title":{"rendered":"Publications"},"content":{"rendered":"<p>Principaux r\u00e9sultats, publications et conf\u00e9rences<\/p>\n<div class=\"largeur-vignettes\">\n<div class=\"vignette-projet\"><a href=\"https:\/\/lorraine.tosi.eu\/index.php\/these-de-doctorat\/\" class=\"txt-vign-sans-serif-reduit\"><img decoding=\"async\" alt=\"logo utt\" src=\"https:\/\/lorraine.tosi.eu\/wp-content\/uploads\/2022\/05\/logo-utt.png\">Document, authenticit\u00e9<br \/>\net exp\u00e9rience utilisateur<br \/>\n&#8211; pour une extension du domaine de la confiance num\u00e9rique<span class=\"txt-vign-cursive\">2019, Universit\u00e9 de Technologie de Troyes<\/span><\/a><\/div>\n<div class=\"vignette-projet\"><a href=\"https:\/\/lorraine.tosi.eu\/index.php\/doceng17-2\/\" class=\"txt-vign-sans-serif-reduit\"><img decoding=\"async\" alt=\"illustration article\" src=\"https:\/\/lorraine.tosi.eu\/wp-content\/uploads\/2022\/05\/logo-doceng.png\"><br \/>\nAuthenticity in a Digital Era: Still a document process<br \/>\n-The Case of Laboratory Notebooks<br \/>\nDocument Engineering<br \/>\n<span class=\"txt-vign-cursive\">2017, La Valette, Malte<\/span><\/a><\/div>\n<div class=\"vignette-projet\"><a href=\"https:\/\/lorraine.tosi.eu\/index.php\/cide19-2\/\" class=\"txt-vign-sans-serif-reduit\"><img decoding=\"async\" alt=\"illustration article\" src=\"https:\/\/lorraine.tosi.eu\/wp-content\/uploads\/2022\/05\/logo-cide.png\"><br \/>\nL&rsquo;authenticit\u00e9 \u00e0 l&rsquo;\u00e9preuve du num\u00e9rique<br \/>\n&#8211; Le cas des cahiers de laboratoire<br \/>\n<span class=\"txt-vign-cursive\">2016, CIDE19, Ath\u00e8nes<\/span><\/a><\/div>\n<div class=\"vignette-projet\"><a href=\"https:\/\/lorraine.tosi.eu\/index.php\/soups15\/\" class=\"txt-vign-sans-serif-reduit\"><img decoding=\"async\" alt=\"illustration article\" src=\"https:\/\/lorraine.tosi.eu\/wp-content\/uploads\/2022\/05\/logo-soups.png\"><br \/>\nDigital signature services for users<br \/>\n&#8211; Improving user experience to support trust among work partners<br \/>\n<span class=\"txt-vign-cursive\">2015, Symposium On Usable Privacy and Security, Ottawa<\/span><\/a><\/div>\n<div class=\"vignette-projet\"><a href=\"https:\/\/lorraine.tosi.eu\/index.php\/aaf16\/\" class=\"txt-vign-sans-serif-reduit\"><img decoding=\"async\" alt=\"illustration article\" src=\"https:\/\/lorraine.tosi.eu\/wp-content\/uploads\/2022\/05\/logo-aaf.png\"><br \/>\nIntervention \u00ab R\u00e9inventer le cahier de laboratoire \u00e0 l\u2019\u00e8re du num\u00e9rique, entre archive courante et archive interm\u00e9diaire \u00bb<br \/>\n<span class=\"txt-vign-cursive\">2016, Forum des Archivistes Fran\u00e7ais, Troyes<\/span><\/a><\/div>\n<div class=\"vignette-projet\"><a href=\"https:\/\/lorraine.tosi.eu\/index.php\/ihm15\/\" class=\"txt-vign-sans-serif-reduit\"><img decoding=\"async\" alt=\"illustration article\" src=\"https:\/\/lorraine.tosi.eu\/wp-content\/uploads\/2022\/05\/logo-ihm.png\"><br \/>\n\u00ab Am\u00e9liorer l\u2019exp\u00e9rience utilisateur pour encourager la confiance entre collaborateurs \u00bb<br \/>\n<span class=\"txt-vign-cursive\">2015, IHM, Toulouse<\/span><\/a><\/div>\n<\/div>\n<p><a href=\"https:\/\/www.qyall.fr\/portfolio\" class=\"lien-portfolio\">Portfolio UX<\/a><\/p>\n<p>Autres interventions<\/p>\n<div class=\"largeur-vignettes\">\n<div class=\"vignette-projet\"><a href=\"https:\/\/lorraine.tosi.eu\/index.php\/inpi17\/\" class=\"txt-vign-sans-serif-reduit\"><img decoding=\"async\" alt=\"illustration article\" src=\"https:\/\/lorraine.tosi.eu\/wp-content\/uploads\/2022\/06\/logos-inpi.png\"><br \/>\nLe cahier de laboratoire num\u00e9rique pour r\u00e9pondre aux besoins en terme de PI des chercheurs \/ innovateurs<br \/>\n<span class=\"txt-vign-cursive\">2017, PI Legal Tech Hackathon, INPI Courbevoie<\/span><\/a><\/div>\n<div class=\"vignette-projet\"><a href=\"https:\/\/lorraine.tosi.eu\/index.php\/participation-au-prix-de-linnovation-2015\/\" class=\"txt-vign-sans-serif-reduit\"><img decoding=\"async\" alt=\"illustration article\" src=\"https:\/\/lorraine.tosi.eu\/wp-content\/uploads\/2022\/06\/logo-champagne.png\"><br \/>\nLex Persona 2\u00e8me laur\u00e9ate<br \/>\nlogiciel Lex4Lab<br \/>\nPrix de l&rsquo;innovation<br \/>\n\u00ab\u00a0PME innovante\u00a0\u00bb<br \/>\n<span class=\"txt-vign-cursive\">2015, R\u00e9gion Champagne-Ardennes, Reims<\/span><\/a><\/div>\n<\/div>\n","protected":false},"excerpt":{"rendered":"<p>Principaux r\u00e9sultats, publications et conf\u00e9rences Document, authenticit\u00e9 et exp\u00e9rience utilisateur &#8211; pour une extension du domaine de la confiance num\u00e9rique2019, Universit\u00e9 de Technologie de Troyes Authenticity in a Digital Era: Still a document process -The Case of Laboratory Notebooks Document Engineering 2017, La Valette, Malte L&rsquo;authenticit\u00e9 \u00e0 l&rsquo;\u00e9preuve du num\u00e9rique &#8211; Le cas des cahiers &hellip; <\/p>\n<p class=\"link-more\"><a href=\"https:\/\/lorraine.tosi.eu\/\" class=\"more-link\">Continuer la lecture <span class=\"screen-reader-text\"> \u00ab\u00a0Publications\u00a0\u00bb<\/span><\/a><\/p>\n","protected":false},"author":1,"featured_media":0,"parent":0,"menu_order":0,"comment_status":"closed","ping_status":"closed","template":"","meta":{"footnotes":""},"class_list":["post-7","page","type-page","status-publish","hentry","entry"],"_links":{"self":[{"href":"https:\/\/lorraine.tosi.eu\/index.php\/wp-json\/wp\/v2\/pages\/7","targetHints":{"allow":["GET"]}}],"collection":[{"href":"https:\/\/lorraine.tosi.eu\/index.php\/wp-json\/wp\/v2\/pages"}],"about":[{"href":"https:\/\/lorraine.tosi.eu\/index.php\/wp-json\/wp\/v2\/types\/page"}],"author":[{"embeddable":true,"href":"https:\/\/lorraine.tosi.eu\/index.php\/wp-json\/wp\/v2\/users\/1"}],"replies":[{"embeddable":true,"href":"https:\/\/lorraine.tosi.eu\/index.php\/wp-json\/wp\/v2\/comments?post=7"}],"version-history":[{"count":37,"href":"https:\/\/lorraine.tosi.eu\/index.php\/wp-json\/wp\/v2\/pages\/7\/revisions"}],"predecessor-version":[{"id":233,"href":"https:\/\/lorraine.tosi.eu\/index.php\/wp-json\/wp\/v2\/pages\/7\/revisions\/233"}],"wp:attachment":[{"href":"https:\/\/lorraine.tosi.eu\/index.php\/wp-json\/wp\/v2\/media?parent=7"}],"curies":[{"name":"wp","href":"https:\/\/api.w.org\/{rel}","templated":true}]}}