{"id":198,"date":"2022-05-25T19:07:36","date_gmt":"2022-05-25T17:07:36","guid":{"rendered":"https:\/\/lorraine.tosi.eu\/?page_id=198"},"modified":"2022-05-25T19:18:08","modified_gmt":"2022-05-25T17:18:08","slug":"inpi17","status":"publish","type":"page","link":"https:\/\/lorraine.tosi.eu\/index.php\/inpi17\/","title":{"rendered":"PI Legal Tech Hackathon 2017"},"content":{"rendered":"<div class=\"cadre-detail\">\n<p class=\"txt-vign-cursive\">Conf\u00e9rence<\/p>\n<p>Le cahier de laboratoire num\u00e9rique pour r\u00e9pondre aux besoins en terme de PI des chercheurs \/ innovateurs<\/p>\n<p class=\"txt-vign-cursive\">Auteurs<\/p>\n<p>2017, Lorraine Tosi<\/p>\n<p class=\"txt-vign-cursive\">Ev\u00e8nement<\/p>\n<p><a href=\"https:\/\/www.inpi.fr\/fr\/l-inpi-est-partenaire-du-hackathon-ip-legaltech-courbevoie\" target=\"_blank\" rel=\"noopener\">1er PI Legal Tech Hackathon<\/a><\/p>\n<p class=\"txt-vign-cursive\">Lieu<\/p>\n<p>INPI, Courbevoie, 23 mai 2017<\/p>\n<p><img decoding=\"async\" src=\"https:\/\/lorraine.tosi.eu\/wp-content\/uploads\/2022\/05\/diapo-hackathon.jpg\" alt=\"aper\u00e7u presentation\" class=\"aligncenter size-medium wp-image-469\" width=\"400\"><\/p>\n<\/div>\n<p class=\"txt-vign-cursive\">En savoir plus<\/p>\n<p><a href=\"https:\/\/pi-legal-tech.frama.io\/siteweb.public\/start-up\/Lex4Lab\/\">Site du hackathon<\/a><br \/>\n<a href=\"https:\/\/pi-legal-tech.frama.io\/siteweb.public\/start-up\/Lex4Lab\/\"><img loading=\"lazy\" decoding=\"async\" src=\"https:\/\/lorraine.tosi.eu\/wp-content\/uploads\/2022\/05\/apercu-hackathon.png\" alt=\"lien publication\" class=\"aligncenter size-medium wp-image-444\" width=\"300\" height=\"165\"><\/a><\/p>\n<div id=\"accueil\" class=\"gauche2\">\n<p class=\"parag2\">Les cahiers de laboratoire papier, o\u00f9 sont sens\u00e9s \u00eatre consign\u00e9es toutes les \u00e9tapes de recherche \u00e0 des fins de protection de la propri\u00e9t\u00e9 intellectuelle, ne conviennent plus \u00e0 l&rsquo;aire du num\u00e9rique. De plus, les disciplines scientifiques et de recherche et d\u00e9veloppement se refl\u00e8tenent dans des m\u00e9thodologies bien sp\u00e9cifiques. Travail collaboratif, partage, flux de documents, partenariats : pour collaborer et faire de la recherche, on est oblig\u00e9 de d\u00e9voiler des \u00e9l\u00e9ments parfois sensibles, au passage en sacrifiant la protection de sa propri\u00e9t\u00e9 intellectuelle.<br \/>\nDepuis 2011, se sont associ\u00e9s une universit\u00e9, une entreprise et un cabinet de conseil en propri\u00e9t\u00e9 intellectuelle, afin de concevoir un syst\u00e8me documentaire pour la valorisation de la recherche, Lex4Lab. En \u00e9tudiant de pr\u00e8s les besoins et habitudes documentaires des chercheurs ou innovateurs (priv\u00e9\/public), une solution logicielle a \u00e9t\u00e9 con\u00e7ue, avec m\u00e9thode de projet it\u00e9rative, centr\u00e9e utilisateur. Une forme num\u00e9rique au cahier de laboratoire qui lui permette \u00e0 la fois d\u2019\u00eatre la me\u0301moire mall\u00e9able de l\u2019innovateur et un document \u00e0 valeur probatoire.<\/p>\n<\/div>\n","protected":false},"excerpt":{"rendered":"<p>Conf\u00e9rence Le cahier de laboratoire num\u00e9rique pour r\u00e9pondre aux besoins en terme de PI des chercheurs \/ innovateurs Auteurs 2017, Lorraine Tosi Ev\u00e8nement 1er PI Legal Tech Hackathon Lieu INPI, Courbevoie, 23 mai 2017 En savoir plus Site du hackathon Les cahiers de laboratoire papier, o\u00f9 sont sens\u00e9s \u00eatre consign\u00e9es toutes les \u00e9tapes de recherche &hellip; <\/p>\n<p class=\"link-more\"><a href=\"https:\/\/lorraine.tosi.eu\/index.php\/inpi17\/\" class=\"more-link\">Continuer la lecture <span class=\"screen-reader-text\"> \u00ab\u00a0PI Legal Tech Hackathon 2017\u00a0\u00bb<\/span><\/a><\/p>\n","protected":false},"author":1,"featured_media":0,"parent":0,"menu_order":0,"comment_status":"closed","ping_status":"closed","template":"","meta":{"footnotes":""},"class_list":["post-198","page","type-page","status-publish","hentry","entry"],"_links":{"self":[{"href":"https:\/\/lorraine.tosi.eu\/index.php\/wp-json\/wp\/v2\/pages\/198","targetHints":{"allow":["GET"]}}],"collection":[{"href":"https:\/\/lorraine.tosi.eu\/index.php\/wp-json\/wp\/v2\/pages"}],"about":[{"href":"https:\/\/lorraine.tosi.eu\/index.php\/wp-json\/wp\/v2\/types\/page"}],"author":[{"embeddable":true,"href":"https:\/\/lorraine.tosi.eu\/index.php\/wp-json\/wp\/v2\/users\/1"}],"replies":[{"embeddable":true,"href":"https:\/\/lorraine.tosi.eu\/index.php\/wp-json\/wp\/v2\/comments?post=198"}],"version-history":[{"count":4,"href":"https:\/\/lorraine.tosi.eu\/index.php\/wp-json\/wp\/v2\/pages\/198\/revisions"}],"predecessor-version":[{"id":205,"href":"https:\/\/lorraine.tosi.eu\/index.php\/wp-json\/wp\/v2\/pages\/198\/revisions\/205"}],"wp:attachment":[{"href":"https:\/\/lorraine.tosi.eu\/index.php\/wp-json\/wp\/v2\/media?parent=198"}],"curies":[{"name":"wp","href":"https:\/\/api.w.org\/{rel}","templated":true}]}}