{"id":149,"date":"2022-05-25T17:49:36","date_gmt":"2022-05-25T15:49:36","guid":{"rendered":"https:\/\/lorraine.tosi.eu\/?page_id=149"},"modified":"2022-05-25T18:29:01","modified_gmt":"2022-05-25T16:29:01","slug":"cide19-2","status":"publish","type":"page","link":"https:\/\/lorraine.tosi.eu\/index.php\/cide19-2\/","title":{"rendered":"Colloque International sur le document \u00e9lectronique (CIDE19)"},"content":{"rendered":"<div class=\"cadre-detail\">\n<p class=\"txt-vign-cursive\">Titre<\/p>\n<p>L&rsquo;authenticit\u00e9 \u00e0 l&rsquo;\u00e9preuve du num\u00e9rique &#8211; Le cas des cahiers de laboratoire<\/p>\n<p class=\"txt-vign-cursive\">Auteurs<\/p>\n<p>2016, Lorraine Tosi, Aur\u00e9lien B\u00e9nel<\/p>\n<p class=\"txt-vign-cursive\">Colloque<\/p>\n<p>Colloque International sur le document \u00e9lectronique (CIDE19)<\/p>\n<p class=\"txt-vign-cursive\">Lieu<\/p>\n<p>Ath\u00e8nes, Gr\u00e8ce 24-26 novembre 2016<\/p>\n<p><img decoding=\"async\" src=\"https:\/\/lorraine.tosi.eu\/wp-content\/uploads\/2022\/05\/diapo-cide.png\" alt=\"aper\u00e7u diapos\" class=\"aligncenter size-medium wp-image-469\" width=\"500\"><\/p>\n<\/div>\n<p>En savoir plus<\/p>\n<p><a href=\"https:\/\/hal-univ-paris13.archives-ouvertes.fr\/HETIC\/hal-02954835v1\" target=\"_blank\" rel=\"noopener\">Article<\/a><br \/>\n<a href=\"https:\/\/hal-univ-paris13.archives-ouvertes.fr\/HETIC\/hal-02954835v1\" target=\"_blank\" rel=\"noopener\"><img loading=\"lazy\" decoding=\"async\" src=\"https:\/\/lorraine.tosi.eu\/wp-content\/uploads\/2022\/05\/CiDE192.gif\" alt=\"lien publication\" class=\"aligncenter size-thumbnail wp-image-451\" width=\"150\" height=\"150\"><\/a><\/p>\n","protected":false},"excerpt":{"rendered":"<p>Titre L&rsquo;authenticit\u00e9 \u00e0 l&rsquo;\u00e9preuve du num\u00e9rique &#8211; Le cas des cahiers de laboratoire Auteurs 2016, Lorraine Tosi, Aur\u00e9lien B\u00e9nel Colloque Colloque International sur le document \u00e9lectronique (CIDE19) Lieu Ath\u00e8nes, Gr\u00e8ce 24-26 novembre 2016 En savoir plus Article<\/p>\n","protected":false},"author":1,"featured_media":0,"parent":0,"menu_order":0,"comment_status":"closed","ping_status":"closed","template":"","meta":{"footnotes":""},"class_list":["post-149","page","type-page","status-publish","hentry","entry"],"_links":{"self":[{"href":"https:\/\/lorraine.tosi.eu\/index.php\/wp-json\/wp\/v2\/pages\/149","targetHints":{"allow":["GET"]}}],"collection":[{"href":"https:\/\/lorraine.tosi.eu\/index.php\/wp-json\/wp\/v2\/pages"}],"about":[{"href":"https:\/\/lorraine.tosi.eu\/index.php\/wp-json\/wp\/v2\/types\/page"}],"author":[{"embeddable":true,"href":"https:\/\/lorraine.tosi.eu\/index.php\/wp-json\/wp\/v2\/users\/1"}],"replies":[{"embeddable":true,"href":"https:\/\/lorraine.tosi.eu\/index.php\/wp-json\/wp\/v2\/comments?post=149"}],"version-history":[{"count":4,"href":"https:\/\/lorraine.tosi.eu\/index.php\/wp-json\/wp\/v2\/pages\/149\/revisions"}],"predecessor-version":[{"id":182,"href":"https:\/\/lorraine.tosi.eu\/index.php\/wp-json\/wp\/v2\/pages\/149\/revisions\/182"}],"wp:attachment":[{"href":"https:\/\/lorraine.tosi.eu\/index.php\/wp-json\/wp\/v2\/media?parent=149"}],"curies":[{"name":"wp","href":"https:\/\/api.w.org\/{rel}","templated":true}]}}