{"id":109,"date":"2022-05-25T17:12:05","date_gmt":"2022-05-25T15:12:05","guid":{"rendered":"https:\/\/lorraine.tosi.eu\/?page_id=109"},"modified":"2022-05-25T19:25:37","modified_gmt":"2022-05-25T17:25:37","slug":"these-de-doctorat","status":"publish","type":"page","link":"https:\/\/lorraine.tosi.eu\/index.php\/these-de-doctorat\/","title":{"rendered":"Th\u00e8se de doctorat"},"content":{"rendered":"<div class=\"cadre-detail\">\n<p class=\"txt-vign-cursive\">Th\u00e8se de doctorat<\/p>\n<p>Document, authenticit\u00e9 et exp\u00e9rience utilisateur &#8211; Pour une extension du domaine de la confiance num\u00e9rique<\/p>\n<p class=\"txt-vign-cursive\">Auteurs<\/p>\n<p>Lorraine Tosi<\/p>\n<p class=\"txt-vign-cursive\">D\u00e9tails<\/p>\n<p>Soutenue le 19\/09\/2019<br \/>\nDoctorat Syst\u00e8mes Socio-Techniques<br \/>\nUniversit\u00e9 de technologie de Troyes, <a style=\"color: #1d507e;\" title=\"Tech-cico\" href=\"https:\/\/afia.asso.fr\/?research_group=tech-cico-technologies-pour-la-cooperation-linteraction-et-les-connaissances-dans-les-collectifs\/\" target=\"_blank\" rel=\"noopener\">Laboratoire Tech-CICO<\/a><br \/>\nCIFRE chez <a style=\"color: #9e2620;\" title=\"Site Lex Persona\" href=\"https:\/\/www.lex-persona.com\" target=\"_blank\" rel=\"noopener\">Lex persona<\/a><\/p>\n<\/div>\n<p class=\"txt-vign-cursive\">En savoir plus<\/p>\n<p><a href=\"https:\/\/theses.fr\/2019TROY0025\" target=\"_blank\" rel=\"noopener\">Theses.fr<\/a><br \/>\n<a href=\"https:\/\/theses.fr\/2019TROY0025\"><img decoding=\"async\" src=\"https:\/\/lorraine.tosi.eu\/wp-content\/uploads\/2022\/05\/these.png\" alt=\"aper\u00e7u poster\" class=\"aligncenter size-medium wp-image-469\" width=\"400\"><\/a><\/p>\n<div id=\"accueil\" class=\"gauche2\">\n<p class=\"parag2\">Les technologies de signature \u00e9lectronique permettent aujourd\u2019hui d\u2019\u00e9tablir l\u2019\u00e9crit num\u00e9rique comme document, c\u2019est-\u00e0-dire comme preuve, au m\u00eame titre que l\u2019\u00e9crit sur papier. Contrairement \u00e0 ce que laissent penser certains discours sur la \u201cconfiance num\u00e9rique\u201d, l\u2019authenticit\u00e9 d\u2019un document ne garantit pas la v\u00e9racit\u00e9 de son contenu ou l\u2019absence de risques \u00e0 le prendre en consid\u00e9ration : la confiance num\u00e9rique n\u2019est pas une substitution par la technique d\u2019une confiance humaine et sociale. Ce qui est en jeu \u00e0 travers un document est justement la confiance envers les personnes ou les organisations qui l\u2019ont approuv\u00e9 ou qui ont \u00e9t\u00e9 t\u00e9moins de son existence. Par rapport \u00e0 ces questions, le cahier de laboratoire sur support papier, par sa structure et ses r\u00e8gles d\u2019usage, est embl\u00e9matique. Son passage au num\u00e9rique est l\u2019occasion de r\u00e9interroger ses propri\u00e9t\u00e9s par rapport \u00e0 sa finalit\u00e9. Apr\u00e8s analyse de la valeur probatoire des cahiers de laboratoire au travers de la jurisprudence, une visualisation interactive de signatures cryptographiques est propos\u00e9e (plus particuli\u00e8rement d\u2019horodatages certifi\u00e9s) s\u2019inscrivant dans le champ \u00e9mergeant des interactions homme-machine pour la s\u00e9curit\u00e9. S\u2019ensuit la mise en place d\u2019un processus documentaire instrument\u00e9 permettant la constitution de preuves solides sans entraver les chercheurs, cr\u00e9ateurs ou inventeurs dans leur activit\u00e9. Un faisceau de mises \u00e0 l\u2019\u00e9preuve, de natures diverses, est ensuite d\u00e9ploy\u00e9 pour questionner le logiciel, les hypoth\u00e8ses qu\u2019il mat\u00e9rialise, sa conception et ses usages.<\/p>\n<\/div>\n<div id=\"accueil\" class=\"gauche2\">\n<p class=\"parag2\">Contexte scientifique de la th\u00e8se<br \/>\n<a style=\"color: #1d507e;\" title=\"Tech-cico\" href=\"https:\/\/afia.asso.fr\/?research_group=tech-cico-technologies-pour-la-cooperation-linteraction-et-les-connaissances-dans-les-collectifs\/\" target=\"_blank\" rel=\"noopener\">Laboratoire Tech-CICO<\/a><br \/>\n(Technologie pour la Coop\u00e9ration, l&rsquo;Interaction et la Connaissance dans les Collectifs &#8211; Universit\u00e9 de Technologie de Troyes).<\/p>\n<p class=\"parag2\">Contexte CIFRE de la th\u00e8se<br \/>\n\u00c9diteur de logiciels <a style=\"color: #9e2620;\" title=\"Site Lex Persona\" href=\"https:\/\/www.lex-persona.com\" target=\"_blank\" rel=\"noopener\">Lex persona<\/a><\/p>\n<p>Enjeux de la d\u00e9mat\u00e9rialisation des documents pour les utilisateurs des outils de signature \u00e9lectronique (identit\u00e9 num\u00e9rique, notion de preuve, s\u00e9curit\u00e9, gestion des risques)<\/p>\n<\/div>\n","protected":false},"excerpt":{"rendered":"<p>Th\u00e8se de doctorat Document, authenticit\u00e9 et exp\u00e9rience utilisateur &#8211; Pour une extension du domaine de la confiance num\u00e9rique Auteurs Lorraine Tosi D\u00e9tails Soutenue le 19\/09\/2019 Doctorat Syst\u00e8mes Socio-Techniques Universit\u00e9 de technologie de Troyes, Laboratoire Tech-CICO CIFRE chez Lex persona En savoir plus Theses.fr Les technologies de signature \u00e9lectronique permettent aujourd\u2019hui d\u2019\u00e9tablir l\u2019\u00e9crit num\u00e9rique comme document, &hellip; <\/p>\n<p class=\"link-more\"><a href=\"https:\/\/lorraine.tosi.eu\/index.php\/these-de-doctorat\/\" class=\"more-link\">Continuer la lecture <span class=\"screen-reader-text\"> \u00ab\u00a0Th\u00e8se de doctorat\u00a0\u00bb<\/span><\/a><\/p>\n","protected":false},"author":1,"featured_media":0,"parent":0,"menu_order":0,"comment_status":"closed","ping_status":"closed","template":"","meta":{"footnotes":""},"class_list":["post-109","page","type-page","status-publish","hentry","entry"],"_links":{"self":[{"href":"https:\/\/lorraine.tosi.eu\/index.php\/wp-json\/wp\/v2\/pages\/109","targetHints":{"allow":["GET"]}}],"collection":[{"href":"https:\/\/lorraine.tosi.eu\/index.php\/wp-json\/wp\/v2\/pages"}],"about":[{"href":"https:\/\/lorraine.tosi.eu\/index.php\/wp-json\/wp\/v2\/types\/page"}],"author":[{"embeddable":true,"href":"https:\/\/lorraine.tosi.eu\/index.php\/wp-json\/wp\/v2\/users\/1"}],"replies":[{"embeddable":true,"href":"https:\/\/lorraine.tosi.eu\/index.php\/wp-json\/wp\/v2\/comments?post=109"}],"version-history":[{"count":10,"href":"https:\/\/lorraine.tosi.eu\/index.php\/wp-json\/wp\/v2\/pages\/109\/revisions"}],"predecessor-version":[{"id":208,"href":"https:\/\/lorraine.tosi.eu\/index.php\/wp-json\/wp\/v2\/pages\/109\/revisions\/208"}],"wp:attachment":[{"href":"https:\/\/lorraine.tosi.eu\/index.php\/wp-json\/wp\/v2\/media?parent=109"}],"curies":[{"name":"wp","href":"https:\/\/api.w.org\/{rel}","templated":true}]}}